
{"id":2,"date":"2020-09-28T16:42:33","date_gmt":"2020-09-28T14:42:33","guid":{"rendered":"https:\/\/travelmuz-wp.frencht.co\/?page_id=2"},"modified":"2020-09-30T18:06:24","modified_gmt":"2020-09-30T16:06:24","slug":"travelmuz","status":"publish","type":"page","link":"https:\/\/travelmuz-wp.frencht.co\/en\/travelmuz\/","title":{"rendered":"Notre concept"},"content":{"rendered":"<div class=\"vc_row wpb_row vc_row-fluid\"><div class=\"wpb_column vc_column_container vc_col-sm-12\"><div class=\"vc_column-inner\"><div class=\"wpb_wrapper\"><h2 style=\"font-size: 43px;text-align: center\" class=\"vc_custom_heading vc_custom_1601479961163\" >Voyagez selon vos principes<\/h2><\/div><\/div><\/div><\/div><div data-vc-full-width=\"true\" data-vc-full-width-init=\"false\" class=\"vc_row wpb_row vc_row-fluid vc_custom_1601480824054 vc_row-has-fill\"><div class=\"wpb_column vc_column_container vc_col-sm-3\"><div class=\"vc_column-inner\"><div class=\"wpb_wrapper\"><h2 style=\"font-size: 46px;color: #ffffff;line-height: 1;text-align: left\" class=\"vc_custom_heading no-stretch wpb_animate_when_almost_visible wpb_bounceInUp bounceInUp vc_custom_1601480016554\" ><a href=\"http:\/\/themes.themeenergy.com\/bookyourtravel\/travel-agency\/accommodation-tag\/last-minute\/\">LE<br \/>\nCONSTAT<\/a><\/h2><\/div><\/div><\/div><div class=\"wpb_column vc_column_container vc_col-sm-9\"><div class=\"vc_column-inner vc_custom_1547037755397\"><div class=\"wpb_wrapper\">\n\t<div class=\"wpb_text_column wpb_content_element  vc_custom_1601481901066\" >\n\t\t<div class=\"wpb_wrapper\">\n\t\t\t<blockquote>\n<h2><strong>La communaut\u00e9 musulmane, au fil des ann\u00e9es et \u00e0 travers le monde, ne cesse de grandir et de cr\u00e9er ses propres tendances.<\/strong><\/h2>\n<\/blockquote>\n<h2><strong>Dans le secteur du voyage, tr\u00e8s peu d\u2019agences proposent des services \u00e9thiques et adapt\u00e9s, permettant de profiter au mieux de son s\u00e9jour<span style=\"color: #000000;\"> sans avoir \u00e0 renoncer \u00e0 ses principes.<\/span><\/strong><\/h2>\n\n\t\t<\/div>\n\t<\/div>\n<\/div><\/div><\/div><\/div><div class=\"vc_row-full-width vc_clearfix\"><\/div><div data-vc-full-width=\"true\" data-vc-full-width-init=\"false\" class=\"vc_row wpb_row vc_row-fluid vc_custom_1601481464385 vc_row-has-fill\"><div class=\"wpb_column vc_column_container vc_col-sm-10\"><div class=\"vc_column-inner\"><div class=\"wpb_wrapper\">\n\t<div class=\"wpb_text_column wpb_content_element  vc_custom_1601481918056\" >\n\t\t<div class=\"wpb_wrapper\">\n\t\t\t<blockquote>\n<h2>Travelmuz vous offre <span style=\"color: #ed6d6d;\">LA solution<\/span> permettant d\u2019allier confort dans un lieu d\u2019exception, d\u00e9couverte culturelle et respect de ses convictions.<\/h2>\n<\/blockquote>\n<h2>Orienter nos voyageurs vers un s\u00e9jour <span style=\"color: #ed6d6d;\">muslim-friendly<\/span> de qualit\u00e9 est notre mission premi\u00e8re.<\/h2>\n\n\t\t<\/div>\n\t<\/div>\n<\/div><\/div><\/div><div class=\"wpb_column vc_column_container vc_col-sm-2\"><div class=\"vc_column-inner vc_custom_1547037755397\"><div class=\"wpb_wrapper\"><h2 style=\"font-size: 46px;color: #ffffff;line-height: 1;text-align: left\" class=\"vc_custom_heading no-stretch wpb_animate_when_almost_visible wpb_bounceInUp bounceInUp vc_custom_1601480076474\" ><a href=\"http:\/\/themes.themeenergy.com\/bookyourtravel\/travel-agency\/accommodation-tag\/last-minute\/\">NOTRE<br \/>\nOBJECTIF<\/a><\/h2><\/div><\/div><\/div><\/div><div class=\"vc_row-full-width vc_clearfix\"><\/div><div data-vc-full-width=\"true\" data-vc-full-width-init=\"false\" class=\"vc_row wpb_row vc_row-fluid vc_custom_1601481326260 vc_row-has-fill\"><div class=\"wpb_column vc_column_container vc_col-sm-3\"><div class=\"vc_column-inner\"><div class=\"wpb_wrapper\"><h2 style=\"font-size: 46px;color: #ffffff;line-height: 1;text-align: left\" class=\"vc_custom_heading no-stretch wpb_animate_when_almost_visible wpb_bounceInUp bounceInUp vc_custom_1601481117418\" ><a href=\"http:\/\/themes.themeenergy.com\/bookyourtravel\/travel-agency\/accommodation-tag\/last-minute\/\">UNE<br \/>\nOFFRE<br \/>\nCOMPL\u00c8TE<\/a><\/h2><\/div><\/div><\/div><div class=\"wpb_column vc_column_container vc_col-sm-9\"><div class=\"vc_column-inner vc_custom_1547037755397\"><div class=\"wpb_wrapper\">\n\t<div class=\"wpb_text_column wpb_content_element  vc_custom_1601481925663\" >\n\t\t<div class=\"wpb_wrapper\">\n\t\t\t<blockquote>\n<h2>Nous proposons des packages sur-mesure, cr\u00e9es de A \u00e0 Z selon vos envies.<\/h2>\n<\/blockquote>\n<h2>L\u2019\u00eele de Zanzibar, le Kenya, Duba\u00ef, la Malaisie, les Maldives, la Turquie&#8230; Autant de destinations de r\u00eave qui sauront satisfaire vos envies de voyages du moment : loisirs, spirituel, culturel, romantique ou d\u2019aventure.<\/h2>\n<h2>Enfin, nous proposons aussi des Omras sur-mesure et privatives, adapt\u00e9es aux envies et aux besoins de chacun, avec un guide priv\u00e9 francophone durant les rites. Ce s\u00e9jour religieux peut \u00eatre compl\u00e9t\u00e9, en exclusivit\u00e9 chez Travelmuz, par un s\u00e9jour en villa avec piscine priv\u00e9e pour certaines de nos destinations (la Tha\u00eflande, Bali, l\u2019\u00eele Maurice ou encore Zanzibar) ou un s\u00e9jour culturel (Istanbul, la Malaisie, Jordanie).<\/h2>\n<h2>Plus besoin donc d\u2019\u00e9cumer les sites de voyages et les forums, Travelmuz s\u2019occupe de tout pour vous !<\/h2>\n\n\t\t<\/div>\n\t<\/div>\n<\/div><\/div><\/div><\/div><div class=\"vc_row-full-width vc_clearfix\"><\/div><div data-vc-full-width=\"true\" data-vc-full-width-init=\"false\" class=\"vc_row wpb_row vc_row-fluid vc_custom_1601481471826 vc_row-has-fill\"><div class=\"wpb_column vc_column_container vc_col-sm-8\"><div class=\"vc_column-inner\"><div class=\"wpb_wrapper\">\n\t<div class=\"wpb_text_column wpb_content_element  vc_custom_1601481937052\" >\n\t\t<div class=\"wpb_wrapper\">\n\t\t\t<h2><span style=\"color: #ed6d6d;\"><em>Des crit\u00e8res clairs pour garantir votre tranquillit\u00e9 d\u2019esprit<\/em><\/span><\/h2>\n<blockquote>\n<h2>Partir en vacances avec Travelmuz, c\u2019est avant tout un gage de confiance et de tranquillit\u00e9 d\u2019esprit\u00a0! Vous n\u2019aurez \u00e0 vous occuper de rien.<\/h2>\n<\/blockquote>\n<h2>Par ailleurs, toutes les informations qui vous sont communiqu\u00e9es sont minutieusement contr\u00f4l\u00e9es et garantis par notre \u00e9quipe.L&rsquo;APST <em>(Association professionelle\u00a0de solidarit\u00e9 du Tourisme)<\/em> a d\u00e9livr\u00e9 cette garantie financi\u00e8re \u00e0 Travelmuz. La soci\u00e9t\u00e9 Atout France nous a quant \u00e0 elle d\u00e9livr\u00e9 l\u2019immatriculation d\u2019agence de voyages.<\/h2>\n\n\t\t<\/div>\n\t<\/div>\n<\/div><\/div><\/div><div class=\"wpb_column vc_column_container vc_col-sm-4\"><div class=\"vc_column-inner vc_custom_1547037755397\"><div class=\"wpb_wrapper\"><h2 style=\"font-size: 46px;color: #ffffff;line-height: 1;text-align: left\" class=\"vc_custom_heading no-stretch wpb_animate_when_almost_visible wpb_bounceInUp bounceInUp vc_custom_1601480294298\" ><a href=\"http:\/\/themes.themeenergy.com\/bookyourtravel\/travel-agency\/accommodation-tag\/last-minute\/\">DES CRIT\u00c8RES<br \/>\nCLAIRS<\/a><\/h2><\/div><\/div><\/div><\/div><div class=\"vc_row-full-width vc_clearfix\"><\/div><div data-vc-full-width=\"true\" data-vc-full-width-init=\"false\" class=\"vc_row wpb_row vc_row-fluid vc_custom_1601481538911 vc_row-has-fill\"><div class=\"wpb_column vc_column_container vc_col-sm-3\"><div class=\"vc_column-inner\"><div class=\"wpb_wrapper\"><h2 style=\"font-size: 46px;color: #ffffff;line-height: 1;text-align: left\" class=\"vc_custom_heading no-stretch wpb_animate_when_almost_visible wpb_bounceInUp bounceInUp vc_custom_1601480164683\" ><a href=\"http:\/\/themes.themeenergy.com\/bookyourtravel\/travel-agency\/accommodation-tag\/last-minute\/\">UN TRAVAIL<br \/>\nD\u2019\u00c9QUIPE<\/a><\/h2><\/div><\/div><\/div><div class=\"wpb_column vc_column_container vc_col-sm-9\"><div class=\"vc_column-inner vc_custom_1547037755397\"><div class=\"wpb_wrapper\">\n\t<div class=\"wpb_text_column wpb_content_element  vc_custom_1601481944328\" >\n\t\t<div class=\"wpb_wrapper\">\n\t\t\t<blockquote>\n<h2>Les voyages que nous proposons sont l\u2019aboutissement d\u2019un travail minutieux, o\u00f9 chacun des pays que nous proposons a \u00e9t\u00e9 test\u00e9 ou examin\u00e9 avec soin.<\/h2>\n<\/blockquote>\n<h2>Chez Travelmuz, nous prenons le soin de vous mettre en relation avec des conseill\u00e8res exp\u00e9riment\u00e9es, \u00e0 votre service afin de vous orienter vers l\u2019offre de voyage qui correspond le mieux \u00e0 vos d\u00e9sirs.<\/h2>\n\n\t\t<\/div>\n\t<\/div>\n<\/div><\/div><\/div><\/div><div class=\"vc_row-full-width vc_clearfix\"><\/div><div data-vc-full-width=\"true\" data-vc-full-width-init=\"false\" class=\"vc_row wpb_row vc_row-fluid vc_custom_1601481477534 vc_row-has-fill\"><div class=\"wpb_column vc_column_container vc_col-sm-10\"><div class=\"vc_column-inner\"><div class=\"wpb_wrapper\">\n\t<div class=\"wpb_text_column wpb_content_element  vc_custom_1601481870876\" >\n\t\t<div class=\"wpb_wrapper\">\n\t\t\t<h2><span style=\"color: #ed6d6d;\">Chez Travelmuz, la qualit\u00e9 et l\u2019exp\u00e9rience client sont les ma\u00eetres mots.<\/span><\/h2>\n<h2>Ainsi, il est important pour nous de toujours vous tenir inform\u00e9 des nouveaut\u00e9s et d\u2019\u00eatre constamment pr\u00e9sents pour vous. Pour cette raison, notre pr\u00e9sence sur les r\u00e9seaux sociaux r\u00e9pond \u00e0 cette volont\u00e9 de toujours \u00eatre en relation directe et de proximit\u00e9 avec nos clients\u00a0:<\/h2>\n<blockquote>\n<h2><span style=\"color: #ed6d6d;\">Facebook<\/span>, + de 30 000 abonn\u00e9s : <a href=\"https:\/\/www.facebook.com\/travelmuz\/\"><span style=\"color: #ed6d6d;\">cliquez ici<\/span><\/a><\/h2>\n<h2><span style=\"color: #ed6d6d;\">Instagram<\/span>, + de 12 000 abonn\u00e9s : <span style=\"color: #ed6d6d;\"><a style=\"color: #ed6d6d;\" href=\"https:\/\/www.instagram.com\/travelmuz\/\">cliquez ici<\/a><\/span><\/h2>\n<\/blockquote>\n\n\t\t<\/div>\n\t<\/div>\n<\/div><\/div><\/div><div class=\"wpb_column vc_column_container vc_col-sm-2\"><div class=\"vc_column-inner\"><div class=\"wpb_wrapper\"><h2 style=\"font-size: 46px;color: #ffffff;line-height: 1;text-align: left\" class=\"vc_custom_heading no-stretch wpb_animate_when_almost_visible wpb_bounceInUp bounceInUp vc_custom_1601480391889\" ><a href=\"http:\/\/themes.themeenergy.com\/bookyourtravel\/travel-agency\/accommodation-tag\/last-minute\/\">UNE AGENCE<br \/>\nCONNECT\u00c9E<\/a><\/h2><\/div><\/div><\/div><\/div><div class=\"vc_row-full-width vc_clearfix\"><\/div><div class=\"vc_row wpb_row vc_row-fluid\"><div class=\"wpb_column vc_column_container vc_col-sm-12\"><div class=\"vc_column-inner\"><div class=\"wpb_wrapper\"><h2 style=\"font-size: 43px;text-align: center\" class=\"vc_custom_heading vc_custom_1601480204828\" >Les \u00ab Garanties Travelmuz \u00bb<\/h2><\/div><\/div><\/div><\/div><div data-vc-full-width=\"true\" data-vc-full-width-init=\"false\" class=\"vc_row wpb_row vc_row-fluid vc_custom_1547743479525 vc_row-has-fill\"><div class=\"wpb_column vc_column_container vc_col-sm-4\"><div class=\"vc_column-inner\"><div class=\"wpb_wrapper\">\n\t<div  class=\"wpb_single_image wpb_content_element vc_align_center\">\n\t\t\n\t\t<figure class=\"wpb_wrapper vc_figure\">\n\t\t\t<div class=\"vc_single_image-wrapper   vc_box_border_grey\"><img class=\"vc_single_image-img\" src=\"https:\/\/travelmuz-wp.frencht.co\/wp-content\/uploads\/2020\/09\/garantie-85x80.png\" width=\"85\" height=\"80\" alt=\"garantie\" title=\"garantie\" \/><\/div>\n\t\t<\/figure>\n\t<\/div>\n\n\t<div class=\"wpb_text_column wpb_content_element\" >\n\t\t<div class=\"wpb_wrapper\">\n\t\t\t<h4 style=\"text-align: center;\">TravelMuz vous garantit<\/h4>\n<p style=\"text-align: center;\">S\u00e9jours test\u00e9s par notre \u00e9quipe pour vous offrir la meilleure exp\u00e9rience de voyage possible<\/p>\n\n\t\t<\/div>\n\t<\/div>\n<\/div><\/div><\/div><div class=\"wpb_column vc_column_container vc_col-sm-4\"><div class=\"vc_column-inner\"><div class=\"wpb_wrapper\">\n\t<div  class=\"wpb_single_image wpb_content_element vc_align_center\">\n\t\t\n\t\t<figure class=\"wpb_wrapper vc_figure\">\n\t\t\t<div class=\"vc_single_image-wrapper   vc_box_border_grey\"><img class=\"vc_single_image-img\" src=\"https:\/\/travelmuz-wp.frencht.co\/wp-content\/uploads\/2020\/09\/ecoute-85x80.png\" width=\"85\" height=\"80\" alt=\"ecoute\" title=\"ecoute\" \/><\/div>\n\t\t<\/figure>\n\t<\/div>\n\n\t<div class=\"wpb_text_column wpb_content_element\" >\n\t\t<div class=\"wpb_wrapper\">\n\t\t\t<h4 style=\"text-align: center;\">TravelMuz vous prot\u00e8ge<\/h4>\n<p style=\"text-align: center;\">Pour un s\u00e9jour en toute s\u00e9curit\u00e9, Travelmuz est agr\u00e9ee par l&rsquo;APST, le IATA et Atout France<\/p>\n\n\t\t<\/div>\n\t<\/div>\n<\/div><\/div><\/div><div class=\"wpb_column vc_column_container vc_col-sm-4\"><div class=\"vc_column-inner\"><div class=\"wpb_wrapper\">\n\t<div  class=\"wpb_single_image wpb_content_element vc_align_center\">\n\t\t\n\t\t<figure class=\"wpb_wrapper vc_figure\">\n\t\t\t<div class=\"vc_single_image-wrapper   vc_box_border_grey\"><img class=\"vc_single_image-img\" src=\"https:\/\/travelmuz-wp.frencht.co\/wp-content\/uploads\/2020\/09\/accueil-85x80.png\" width=\"85\" height=\"80\" alt=\"accueil\" title=\"accueil\" \/><\/div>\n\t\t<\/figure>\n\t<\/div>\n\n\t<div class=\"wpb_text_column wpb_content_element\" >\n\t\t<div class=\"wpb_wrapper\">\n\t\t\t<h4 style=\"text-align: center;\">TravelMuz vous accueille<\/h4>\n<p style=\"text-align: center;\">Notre \u00e9quipe d&rsquo;agents de voyage experiment\u00e9s vous accueille au sein de son agence aux portes de Paris<\/p>\n\n\t\t<\/div>\n\t<\/div>\n<\/div><\/div><\/div><\/div><div class=\"vc_row-full-width vc_clearfix\"><\/div><div class=\"vc_row wpb_row vc_row-fluid\"><div class=\"wpb_column vc_column_container vc_col-sm-12\"><div class=\"vc_column-inner\"><div class=\"wpb_wrapper\"><h2 style=\"font-size: 43px;text-align: center\" class=\"vc_custom_heading vc_custom_1601481455208\" >La presse parle de nous !<\/h2><\/div><\/div><\/div><\/div><div data-vc-full-width=\"true\" data-vc-full-width-init=\"false\" class=\"vc_row wpb_row vc_row-fluid vc_custom_1601481523242 vc_row-has-fill vc_row-o-equal-height vc_row-o-content-middle vc_row-flex\"><div class=\"wpb_column vc_column_container vc_col-sm-12\"><div class=\"vc_column-inner vc_custom_1547556891163\"><div class=\"wpb_wrapper\">\n<div class=\"vc_grid-container-wrapper vc_clearfix\">\n\t<div class=\"vc_grid-container vc_clearfix wpb_content_element vc_media_grid\" data-initial-loading-animation=\"fadeIn\" data-vc-grid-settings=\"{&quot;page_id&quot;:2,&quot;style&quot;:&quot;lazy&quot;,&quot;action&quot;:&quot;vc_get_vc_grid_data&quot;,&quot;shortcode_id&quot;:&quot;1601479912588-b5afd697-14ed-6&quot;,&quot;items_per_page&quot;:&quot;6&quot;,&quot;tag&quot;:&quot;vc_media_grid&quot;}\" data-vc-request=\"https:\/\/travelmuz-wp.frencht.co\/wp-admin\/admin-ajax.php\" data-vc-post-id=\"2\" data-vc-public-nonce=\"07f6e1193b\">\n\t\t\n\t<\/div>\n<\/div><\/div><\/div><\/div><\/div><div class=\"vc_row-full-width vc_clearfix\"><\/div>","protected":false},"excerpt":{"rendered":"Voyagez selon vos principesLE CONSTAT La communaut\u00e9 musulmane, au fil des ann\u00e9es et \u00e0 travers le monde, ne cesse de grandir et de cr\u00e9er ses propres tendances. Dans le secteur du voyage, tr\u00e8s peu d\u2019agences proposent des services \u00e9thiques et adapt\u00e9s, permettant de profiter au mieux de son s\u00e9jour sans avoir \u00e0 renoncer \u00e0 ses [...]","protected":false},"author":1,"featured_media":0,"parent":0,"menu_order":0,"comment_status":"closed","ping_status":"open","template":"byt_home.php","meta":{"_mi_skip_tracking":false},"_links":{"self":[{"href":"https:\/\/travelmuz-wp.frencht.co\/en\/wp-json\/wp\/v2\/pages\/2"}],"collection":[{"href":"https:\/\/travelmuz-wp.frencht.co\/en\/wp-json\/wp\/v2\/pages"}],"about":[{"href":"https:\/\/travelmuz-wp.frencht.co\/en\/wp-json\/wp\/v2\/types\/page"}],"author":[{"embeddable":true,"href":"https:\/\/travelmuz-wp.frencht.co\/en\/wp-json\/wp\/v2\/users\/1"}],"replies":[{"embeddable":true,"href":"https:\/\/travelmuz-wp.frencht.co\/en\/wp-json\/wp\/v2\/comments?post=2"}],"version-history":[{"count":4,"href":"https:\/\/travelmuz-wp.frencht.co\/en\/wp-json\/wp\/v2\/pages\/2\/revisions"}],"predecessor-version":[{"id":708,"href":"https:\/\/travelmuz-wp.frencht.co\/en\/wp-json\/wp\/v2\/pages\/2\/revisions\/708"}],"wp:attachment":[{"href":"https:\/\/travelmuz-wp.frencht.co\/en\/wp-json\/wp\/v2\/media?parent=2"}],"curies":[{"name":"wp","href":"https:\/\/api.w.org\/{rel}","templated":true}]}}