
{"id":3,"date":"2020-09-28T16:42:33","date_gmt":"2020-09-28T14:42:33","guid":{"rendered":"https:\/\/travelmuz-wp.frencht.co\/?page_id=3"},"modified":"2020-09-30T17:04:48","modified_gmt":"2020-09-30T15:04:48","slug":"rgpd","status":"publish","type":"page","link":"https:\/\/travelmuz-wp.frencht.co\/en\/rgpd\/","title":{"rendered":"Protection des donn\u00e9es (RGPD)"},"content":{"rendered":"<h2 class=\"mt-3\">Notice d\u2019information \u2013 Re\u0300glement Ge\u0301ne\u0301ral sur la Protection des Donne\u0301es (RGPD)<\/h2>\n<p>&nbsp;<\/p>\n<p class=\"mt-3 paragraph\">Le 25 mai 2018 entrera en vigueur le nouveau re\u0300glement ge\u0301ne\u0301ral sur la protection des donne\u0301es (RGPD), qui sera le texte de re\u0301fe\u0301rence europe\u0301en concernant la protection des donne\u0301es a\u0300 caracte\u0300re personnel.<\/p>\n<p><i>Nous nous engageons a\u0300 travailler avec les utilisateurs de travelmuz.fr pour les aider a\u0300 comprendre le Re\u0300glement ge\u0301ne\u0301ral sur la protection des donne\u0301es (RGPD) et a\u0300 se pre\u0301parer a\u0300 son application.<\/i><\/p>\n<p>&nbsp;<\/p>\n<h3>Notre infrastructure de se\u0301curite\u0301<\/h3>\n<p class=\"mt-3 paragraph\">Nous accordons une extre\u0302me importance a\u0300 la protection et a\u0300 la confidentialite\u0301 des informations de nos utilisateurs. travelmuz.fr s\u2019engage ainsi a\u0300 prendre toutes les mesures raisonnables possibles pour e\u0301viter tout e\u0301ve\u0301nement redoute\u0301 (un acce\u0300s ille\u0301gitime, une modification non de\u0301sire\u0301e ou et une disparition des donne\u0301es personnelles<\/p>\n<h3>Mise en conformite\u0301 sur les re\u0300gles relatives aux cookies<\/h3>\n<p class=\"mt-3 paragraph\">Pour l\u2019ensemble des visiteurs de nos sites et des utilisateurs de nos services, nous pre\u0301voyons de mettre a\u0300 jour notre syste\u0300me permettant la gestion des cookies.<\/p>\n<p>Les utilisateurs et visiteurs pourront de\u0301sormais ge\u0301rer de fac\u0327on granulaire les cookies accepte\u0301s Le consentement se fera par une action affirmative claire. (pas de case pre\u0301-coche\u0301e) Les utilisateurs et visiteurs auront a\u0300 tout moment la possibilite\u0301 de retirer leur consentement.<\/p>\n<p><i>Cette mise a\u0300 jour est applique\u0301e 25 Mai 2018.<\/i><\/p>\n<p>&nbsp;<\/p>\n<h3>Mise a\u0300 jour relative au RGPD sur le site travelmuz.fr<\/h3>\n<p class=\"mt-3 paragraph\">Afin de vous permettre d\u2019utiliser le site travelmuz.fr dans le respect du RGPD, nous travaillons actuellement sur un certain nombre de mises a\u0300 jours.<\/p>\n<p>&#8211; Formulaire (Consentement et retrait de consentement ; Cookies ; Portabilite\u0301, Acce\u0300s, Modification, Suppression des donne\u0301es)<\/p>\n<p>&#8211; R\u00e8glements (Coordonne\u0301es du responsable de traitement de donne\u0301es ; Mentions le\u0301gales ; Re\u0300glement ge\u0301ne\u0301re\u0301 automatiquement)<\/p>\n<p>Vous pouvez modifier la dur\u00e9e de conservation des donn\u00e9es envoy\u00e9es qui sont associ\u00e9es \u00e0 des cookies, ou des identifiants utilisateur ou publicitaires directement sur votre compte utilisateur.<\/p>\n<h5><\/h5>\n<h3>Proce\u0301dures internes<\/h3>\n<p class=\"mt-3 paragraph\">Dans le cadre du futur re\u0300glement europe\u0301en, nous nous confortons a\u0300 l\u2019obligation de tenir une documentation interne comple\u0300te sur nos traitements de donne\u0301es personnelles et nous assurer que ces traitements respectent bien les nouvelles obligations le\u0301gales.<\/p>\n<p><i>Pour plus d\u2019informations sur le registre de traitement des donn\u00e9es, vous pouvez directement contacter nos \u00e9quipes.<\/i><\/p>\n<p>Nous avons e\u0301galement mis a\u0300 jour nos proce\u0301dures dans le cadre de l\u2019obligation de notification des violations de donne\u0301es personnelles a\u0300 la CNIL.<br \/>\nAinsi, nous avons proce\u0301de\u0301 a\u0300 la cre\u0301ation d\u2019annuaires permettant de recenser les e\u0301ventuels incidents de se\u0301curite\u0301 lie\u0301s a\u0300 la protection des donne\u0301es et partage\u0301 en interne une proce\u0301dure comple\u0300te pour la gestion de ces incidents.<\/p>\n<p><i>Nous nous engageons ainsi a\u0300 vous informer de la survenue de tout incident majeur dont la nature ferait l\u2019objet d\u2019une notification aupre\u0300s des autorite\u0301s compe\u0301tentes.<\/i><\/p>","protected":false},"excerpt":{"rendered":"<p>Notice d\u2019information \u2013 Re\u0300glement Ge\u0301ne\u0301ral sur la Protection des Donne\u0301es (RGPD) &nbsp; Le 25 mai 2018 entrera en vigueur le nouveau re\u0300glement ge\u0301ne\u0301ral sur la protection des donne\u0301es (RGPD), qui sera le texte de re\u0301fe\u0301rence europe\u0301en concernant la protection des donne\u0301es a\u0300 caracte\u0300re personnel. Nous nous engageons a\u0300 travailler avec les utilisateurs de travelmuz.fr pour [&hellip;]<\/p>","protected":false},"author":1,"featured_media":0,"parent":0,"menu_order":0,"comment_status":"closed","ping_status":"open","template":"","meta":{"_mi_skip_tracking":false},"_links":{"self":[{"href":"https:\/\/travelmuz-wp.frencht.co\/en\/wp-json\/wp\/v2\/pages\/3"}],"collection":[{"href":"https:\/\/travelmuz-wp.frencht.co\/en\/wp-json\/wp\/v2\/pages"}],"about":[{"href":"https:\/\/travelmuz-wp.frencht.co\/en\/wp-json\/wp\/v2\/types\/page"}],"author":[{"embeddable":true,"href":"https:\/\/travelmuz-wp.frencht.co\/en\/wp-json\/wp\/v2\/users\/1"}],"replies":[{"embeddable":true,"href":"https:\/\/travelmuz-wp.frencht.co\/en\/wp-json\/wp\/v2\/comments?post=3"}],"version-history":[{"count":2,"href":"https:\/\/travelmuz-wp.frencht.co\/en\/wp-json\/wp\/v2\/pages\/3\/revisions"}],"predecessor-version":[{"id":684,"href":"https:\/\/travelmuz-wp.frencht.co\/en\/wp-json\/wp\/v2\/pages\/3\/revisions\/684"}],"wp:attachment":[{"href":"https:\/\/travelmuz-wp.frencht.co\/en\/wp-json\/wp\/v2\/media?parent=3"}],"curies":[{"name":"wp","href":"https:\/\/api.w.org\/{rel}","templated":true}]}}