
{"id":700,"date":"2020-09-30T17:13:22","date_gmt":"2020-09-30T15:13:22","guid":{"rendered":"https:\/\/travelmuz-wp.frencht.co\/?page_id=700"},"modified":"2020-09-30T19:03:19","modified_gmt":"2020-09-30T17:03:19","slug":"contact","status":"publish","type":"page","link":"https:\/\/travelmuz-wp.frencht.co\/en\/contact\/","title":{"rendered":"Contact"},"content":{"rendered":"<div class=\"vc_row wpb_row vc_row-fluid vc_custom_1601485045747 vc_row-has-fill\"><div class=\"wpb_column vc_column_container vc_col-sm-8\"><div class=\"vc_column-inner\"><div class=\"wpb_wrapper\"><h3 style=\"font-size: 30px;color: #ed6d6d;text-align: left;font-family:Fredoka One;font-weight:400;font-style:normal\" class=\"vc_custom_heading\" >Contactez-nous<\/h3><h3 style=\"font-size: 20px;color: #000000;text-align: left;font-family:Fredoka One;font-weight:400;font-style:normal\" class=\"vc_custom_heading\" >Tous les chemins m\u00e9nent \u00e0 Travel Muz<\/h3>\n\t<div class=\"wpb_text_column wpb_content_element\" >\n\t\t<div class=\"wpb_wrapper\">\n\t\t\t<div class=\"wpforms-container wpforms-container-full\" id=\"wpforms-709\"><form id=\"wpforms-form-709\" class=\"wpforms-validate wpforms-form\" data-formid=\"709\" method=\"post\" enctype=\"multipart\/form-data\" action=\"\/en\/wp-json\/wp\/v2\/pages\/700\" data-token=\"84c61573329791d8862246c9749c3f1b\" data-trp-original-action=\"\/en\/wp-json\/wp\/v2\/pages\/700\"><noscript class=\"wpforms-error-noscript\">Please enable JavaScript in your browser to complete this form.<\/noscript><div class=\"wpforms-field-container\"><div id=\"wpforms-709-field_0-container\" class=\"wpforms-field wpforms-field-name\" data-field-id=\"0\"><label class=\"wpforms-field-label\" for=\"wpforms-709-field_0\">Qui \u00eates-vous ? <span class=\"wpforms-required-label\">*<\/span><\/label><div class=\"wpforms-field-row wpforms-field-large\"><div class=\"wpforms-field-row-block wpforms-first wpforms-one-half\"><input type=\"text\" id=\"wpforms-709-field_0\" class=\"wpforms-field-name-first wpforms-field-required\" name=\"wpforms[fields][0][first]\" required><label for=\"wpforms-709-field_0\" class=\"wpforms-field-sublabel after\">First<\/label><\/div><div class=\"wpforms-field-row-block wpforms-one-half\"><input type=\"text\" id=\"wpforms-709-field_0-last\" class=\"wpforms-field-name-last wpforms-field-required\" name=\"wpforms[fields][0][last]\" required><label for=\"wpforms-709-field_0-last\" class=\"wpforms-field-sublabel after\">Last<\/label><\/div><\/div><\/div><div id=\"wpforms-709-field_5-container\" class=\"wpforms-field wpforms-field-number\" data-field-id=\"5\"><label class=\"wpforms-field-label\" for=\"wpforms-709-field_5\">T\u00e9l\u00e9phone<\/label><input type=\"number\" pattern=\"\\d*\" id=\"wpforms-709-field_5\" class=\"wpforms-field-large\" name=\"wpforms[fields][5]\" ><div class=\"wpforms-field-description\">Indiquez-nous un num\u00e9ro o\u00f9 vous joindre, s'il vous pla\u00eet.<\/div><\/div><div id=\"wpforms-709-field_1-container\" class=\"wpforms-field wpforms-field-email\" data-field-id=\"1\"><label class=\"wpforms-field-label\" for=\"wpforms-709-field_1\">E-mail <span class=\"wpforms-required-label\">*<\/span><\/label><input type=\"email\" id=\"wpforms-709-field_1\" class=\"wpforms-field-large wpforms-field-required\" name=\"wpforms[fields][1]\" required><div class=\"wpforms-field-description\">Indiquez votre email pour que nous puissions vous recontacter, s'il vous pla\u00eet.<\/div><\/div><div id=\"wpforms-709-field_4-container\" class=\"wpforms-field wpforms-field-text\" data-field-id=\"4\"><label class=\"wpforms-field-label\" for=\"wpforms-709-field_4\">Objet<\/label><input type=\"text\" id=\"wpforms-709-field_4\" class=\"wpforms-field-large\" name=\"wpforms[fields][4]\" ><div class=\"wpforms-field-description\">Par ex : je souhaite r\u00e9server une villa en Tha\u00eflande.<\/div><\/div><div id=\"wpforms-709-field_2-container\" class=\"wpforms-field wpforms-field-textarea\" data-field-id=\"2\"><label class=\"wpforms-field-label\" for=\"wpforms-709-field_2\">Votre message <span class=\"wpforms-required-label\">*<\/span><\/label><textarea id=\"wpforms-709-field_2\" class=\"wpforms-field-medium wpforms-field-required\" name=\"wpforms[fields][2]\" required><\/textarea><div class=\"wpforms-field-description\">Pr\u00e9cisez votre demande s'il vous pla\u00eet<\/div><\/div><\/div><div class=\"wpforms-submit-container\"><input type=\"hidden\" name=\"wpforms[id]\" value=\"709\"><input type=\"hidden\" name=\"wpforms[author]\" value=\"1\"><button type=\"submit\" name=\"wpforms[submit]\" id=\"wpforms-submit-709\" class=\"wpforms-submit\" data-alt-text=\"Envoi...\" data-submit-text=\"Envoyer\" aria-live=\"assertive\" value=\"wpforms-submit\">Envoyer<\/button><\/div><input type=\"hidden\" name=\"trp-form-language\" value=\"en\"\/><\/form><\/div>  <!-- .wpforms-container -->\n\n\t\t<\/div>\n\t<\/div>\n<\/div><\/div><\/div><div class=\"wpb_column vc_column_container vc_col-sm-4\"><div class=\"vc_column-inner\"><div class=\"wpb_wrapper\">\n\t<div  class=\"wpb_single_image wpb_content_element vc_align_left\">\n\t\t\n\t\t<figure class=\"wpb_wrapper vc_figure\">\n\t\t\t<div class=\"vc_single_image-wrapper   vc_box_border_grey\"><img width=\"804\" height=\"250\" src=\"https:\/\/travelmuz-wp.frencht.co\/wp-content\/uploads\/2020\/09\/logo.png\" class=\"vc_single_image-img attachment-large\" alt=\"\" loading=\"lazy\" srcset=\"https:\/\/travelmuz-wp.frencht.co\/wp-content\/uploads\/2020\/09\/logo.png 804w, https:\/\/travelmuz-wp.frencht.co\/wp-content\/uploads\/2020\/09\/logo-600x187.png 600w, https:\/\/travelmuz-wp.frencht.co\/wp-content\/uploads\/2020\/09\/logo-300x93.png 300w, https:\/\/travelmuz-wp.frencht.co\/wp-content\/uploads\/2020\/09\/logo-768x239.png 768w\" sizes=\"(max-width: 804px) 100vw, 804px\" \/><\/div>\n\t\t<\/figure>\n\t<\/div>\n\n\t<div class=\"wpb_text_column wpb_content_element\" >\n\t\t<div class=\"wpb_wrapper\">\n\t\t\t<div class=\"mt-md-5 pt-3 pt-md-4 col-lg-12\">\n<div class=\"row\">\n<div class=\"col-11\">\n<h2 class=\"ml-4 mt-2 col-lg-12\" style=\"text-align: center;\"><span style=\"color: #ed6d6d;\"><strong>Par email<\/strong><\/span><\/h2>\n<div class=\"ml-4 mt-2 col-lg-12\" style=\"text-align: center;\"><strong>Via notre formulaire de contact<\/strong><\/div>\n<\/div>\n<\/div>\n<\/div>\n\n\t\t<\/div>\n\t<\/div>\n\n\t<div class=\"wpb_text_column wpb_content_element\" >\n\t\t<div class=\"wpb_wrapper\">\n\t\t\t<div class=\"mt-md-5 pt-3 pt-md-4 col-lg-12\">\n<div class=\"row\">\n<div class=\"col-11\"><\/div>\n<\/div>\n<\/div>\n<div class=\"mt-5 col-lg-12 col-md-12\" style=\"text-align: center;\">\n<div class=\"row\">\n<div class=\"col-11 col-md-10\">\n<h3 class=\"ml-4 mt-2 col-lg-12\"><span style=\"color: #ed6d6d;\"><strong>Par t\u00e9l\u00e9phone<\/strong><\/span><\/h3>\n<div class=\"ml-4 mt-2 col-lg-12\"><strong>au 01.42.70.89.74<\/strong><\/div>\n<\/div>\n<\/div>\n<\/div>\n\n\t\t<\/div>\n\t<\/div>\n\n\t<div class=\"wpb_text_column wpb_content_element\" >\n\t\t<div class=\"wpb_wrapper\">\n\t\t\t<div class=\"mt-md-5 pt-3 pt-md-4 col-lg-12\">\n<div class=\"row\">\n<div class=\"col-11\"><\/div>\n<\/div>\n<\/div>\n<div class=\"mt-5 col-lg-12 col-md-12\">\n<div class=\"row\">\n<div class=\"col-11\">\n<h3 class=\"ml-4 mt-2 col-lg-12\" style=\"text-align: center;\"><span style=\"color: #ed6d6d;\"><strong>Dans notre agence<\/strong><\/span><\/h3>\n<div class=\"ml-4 mt-2 col-lg-12\" style=\"text-align: center;\"><strong>3 rue d&rsquo;Alsace<\/strong><\/div>\n<div class=\"ml-4 mt-2 col-lg-12\" style=\"text-align: center;\"><strong>92110 Clichy sur Seine<\/strong><\/div>\n<div class=\"ml-4 mt-2 col-lg-12\" style=\"text-align: center;\"><em><strong>Horaire : Lundi au Samedi du 10h a 18h<\/strong><\/em><\/div>\n<\/div>\n<\/div>\n<\/div>\n\n\t\t<\/div>\n\t<\/div>\n<\/div><\/div><\/div><\/div>","protected":false},"excerpt":{"rendered":"Contactez-nousTous les chemins m\u00e9nent \u00e0 Travel Muz Please enable JavaScript in your browser to complete this form.Qui \u00eates-vous ? *FirstLastT\u00e9l\u00e9phoneIndiquez-nous un num\u00e9ro o\u00f9 vous joindre, s'il vous pla\u00eet.E-mail *Indiquez votre email pour que nous puissions vous recontacter, s'il vous pla\u00eet.ObjetPar ex : je souhaite r\u00e9server une villa en Tha\u00eflande.Votre message *Pr\u00e9cisez votre demande s'il vous [...]","protected":false},"author":1,"featured_media":0,"parent":0,"menu_order":0,"comment_status":"closed","ping_status":"closed","template":"page-blank.php","meta":{"_mi_skip_tracking":false},"_links":{"self":[{"href":"https:\/\/travelmuz-wp.frencht.co\/en\/wp-json\/wp\/v2\/pages\/700"}],"collection":[{"href":"https:\/\/travelmuz-wp.frencht.co\/en\/wp-json\/wp\/v2\/pages"}],"about":[{"href":"https:\/\/travelmuz-wp.frencht.co\/en\/wp-json\/wp\/v2\/types\/page"}],"author":[{"embeddable":true,"href":"https:\/\/travelmuz-wp.frencht.co\/en\/wp-json\/wp\/v2\/users\/1"}],"replies":[{"embeddable":true,"href":"https:\/\/travelmuz-wp.frencht.co\/en\/wp-json\/wp\/v2\/comments?post=700"}],"version-history":[{"count":15,"href":"https:\/\/travelmuz-wp.frencht.co\/en\/wp-json\/wp\/v2\/pages\/700\/revisions"}],"predecessor-version":[{"id":723,"href":"https:\/\/travelmuz-wp.frencht.co\/en\/wp-json\/wp\/v2\/pages\/700\/revisions\/723"}],"wp:attachment":[{"href":"https:\/\/travelmuz-wp.frencht.co\/en\/wp-json\/wp\/v2\/media?parent=700"}],"curies":[{"name":"wp","href":"https:\/\/api.w.org\/{rel}","templated":true}]}}